{"id":47,"date":"2024-03-10T19:23:22","date_gmt":"2024-03-10T18:23:22","guid":{"rendered":"https:\/\/destinoleon.medialoopers.com\/tesoros\/?page_id=47"},"modified":"2024-03-10T19:25:04","modified_gmt":"2024-03-10T18:25:04","slug":"en-que-consiste","status":"publish","type":"page","link":"https:\/\/destinoleon.medialoopers.com\/tesoros\/en-que-consiste\/","title":{"rendered":"\u00bfEn qu\u00e9 consiste?"},"content":{"rendered":"\n<p><strong>Tesoros del Reino<\/strong> es la forma m\u00e1s divertida y aventurera de conocer la provincia de Le\u00f3n (una de las regiones m\u00e1s bellas de Europa). El objetivo es encontrar por toda la provincia unos papeles escondidos llamados \u00abTesoros\u00bb. Dichos papeles incluyen un c\u00f3digo QR que <strong>te permite recibir premios de forma directa<\/strong>.<\/p>\n\n\n\n<figure class=\"wp-block-image size-large\"><img loading=\"lazy\" decoding=\"async\" width=\"1024\" height=\"267\" src=\"https:\/\/destinoleon.medialoopers.com\/tesoros\/wp-content\/uploads\/2024\/02\/cropped-tesoros-logo-web-1024x267.png\" alt=\"\" class=\"wp-image-17\" srcset=\"https:\/\/destinoleon.medialoopers.com\/tesoros\/wp-content\/uploads\/2024\/02\/cropped-tesoros-logo-web-1024x267.png 1024w, https:\/\/destinoleon.medialoopers.com\/tesoros\/wp-content\/uploads\/2024\/02\/cropped-tesoros-logo-web-300x78.png 300w, https:\/\/destinoleon.medialoopers.com\/tesoros\/wp-content\/uploads\/2024\/02\/cropped-tesoros-logo-web-768x201.png 768w, https:\/\/destinoleon.medialoopers.com\/tesoros\/wp-content\/uploads\/2024\/02\/cropped-tesoros-logo-web-520x136.png 520w, https:\/\/destinoleon.medialoopers.com\/tesoros\/wp-content\/uploads\/2024\/02\/cropped-tesoros-logo-web-940x246.png 940w, https:\/\/destinoleon.medialoopers.com\/tesoros\/wp-content\/uploads\/2024\/02\/cropped-tesoros-logo-web.png 1359w\" sizes=\"auto, (max-width: 1024px) 100vw, 1024px\" \/><\/figure>\n\n\n\n<h2 class=\"wp-block-heading\">\u00bfC\u00f3mo puedo participar?<\/h2>\n\n\n\n<p>Participar es muy sencillo. Sigue la cuenta de @destinoleon en <a href=\"https:\/\/www.instagram.com\/destinoleon\/\" target=\"_blank\" rel=\"noreferrer noopener\">Instagram<\/a>, <a href=\"https:\/\/www.facebook.com\/Destinoleonesp\/\" target=\"_blank\" rel=\"noreferrer noopener\">Facebook<\/a>, <a href=\"https:\/\/www.tiktok.com\/@destinoleon\" target=\"_blank\" rel=\"noreferrer noopener\">TikTok<\/a> o <a href=\"https:\/\/www.youtube.com\/@destinoleon\" target=\"_blank\" rel=\"noreferrer noopener\">YouTube<\/a> y espera a que se vayan publicando los v\u00eddeos donde daremos las pistas que pueden ser im\u00e1genes, acertijos o retos que te permiten llegar a los tesoros.<\/p>\n\n\n\n<p>Si quieres saber si un tesoro ha sido encontrado, lo mejor es que visites esta web con frecuencia ya que actualizamos cada vez que se ha encontrado un premio.<\/p>\n\n\n\n<h2 class=\"wp-block-heading\">\u00bfQu\u00e9 premios puedo conseguir?<\/h2>\n\n\n\n<p>Los premios son proporcionados por empresas y negocios de Le\u00f3n a cambio del patrocinio de cada tesoro. Son premios valorados en un m\u00ednimo de 100 euros por lo que siempre tendr\u00e1s un buen aliciente para ir a buscarlos.<\/p>\n\n\n\n<p>Si tienes una empresa y quieres participar en alguno de los concursos, visita la secci\u00f3n <a href=\"https:\/\/destinoleon.medialoopers.com\/tesoros\/colaborar\/\">Colaborar<\/a>.<\/p>\n\n\n\n<h2 class=\"wp-block-heading\">\u00bfC\u00f3mo recibir\u00e9 el premio?<\/h2>\n\n\n\n<p>Si encuentras el papel del tesoro escondido, te encontrar\u00e1s un QR y un c\u00f3digo espec\u00edfico del tesoro. Con el c\u00f3digo QR acceder\u00e1s a una URL espec\u00edfica donde aportar tu email de contacto y donde puedas especificar ubicaci\u00f3n del tesoro. Despu\u00e9s de eso nos pondremos en contacto contigo para recibir tu premio. <\/p>\n","protected":false},"excerpt":{"rendered":"<p>Tesoros del Reino es la forma m\u00e1s divertida y aventurera de conocer la provincia de Le\u00f3n (una de las regiones m\u00e1s bellas de Europa). El objetivo es encontrar por toda la provincia unos papeles escondidos llamados \u00abTesoros\u00bb. Dichos papeles incluyen un c\u00f3digo QR que te permite recibir premios de forma directa. \u00bfC\u00f3mo puedo participar? Participar&#46;&#46;&#46;<\/p>\n","protected":false},"author":1,"featured_media":17,"parent":0,"menu_order":0,"comment_status":"closed","ping_status":"closed","template":"","meta":{"footnotes":""},"class_list":["post-47","page","type-page","status-publish","has-post-thumbnail","hentry"],"_links":{"self":[{"href":"https:\/\/destinoleon.medialoopers.com\/tesoros\/wp-json\/wp\/v2\/pages\/47","targetHints":{"allow":["GET"]}}],"collection":[{"href":"https:\/\/destinoleon.medialoopers.com\/tesoros\/wp-json\/wp\/v2\/pages"}],"about":[{"href":"https:\/\/destinoleon.medialoopers.com\/tesoros\/wp-json\/wp\/v2\/types\/page"}],"author":[{"embeddable":true,"href":"https:\/\/destinoleon.medialoopers.com\/tesoros\/wp-json\/wp\/v2\/users\/1"}],"replies":[{"embeddable":true,"href":"https:\/\/destinoleon.medialoopers.com\/tesoros\/wp-json\/wp\/v2\/comments?post=47"}],"version-history":[{"count":1,"href":"https:\/\/destinoleon.medialoopers.com\/tesoros\/wp-json\/wp\/v2\/pages\/47\/revisions"}],"predecessor-version":[{"id":48,"href":"https:\/\/destinoleon.medialoopers.com\/tesoros\/wp-json\/wp\/v2\/pages\/47\/revisions\/48"}],"wp:featuredmedia":[{"embeddable":true,"href":"https:\/\/destinoleon.medialoopers.com\/tesoros\/wp-json\/wp\/v2\/media\/17"}],"wp:attachment":[{"href":"https:\/\/destinoleon.medialoopers.com\/tesoros\/wp-json\/wp\/v2\/media?parent=47"}],"curies":[{"name":"wp","href":"https:\/\/api.w.org\/{rel}","templated":true}]}}